{"id":1179,"date":"2020-09-21T07:16:19","date_gmt":"2020-09-21T07:16:19","guid":{"rendered":"https:\/\/omec-poznan.pl\/?post_type=product&#038;p=1179"},"modified":"2022-03-31T11:09:11","modified_gmt":"2022-03-31T11:09:11","slug":"silniki-z-hamulcem","status":"publish","type":"product","link":"https:\/\/omec-poznan.pl\/en\/oferta\/silniki-specjalne\/silniki-z-hamulcem\/","title":{"rendered":"Silniki z hamulcem"},"content":{"rendered":"<h1><span class=\"fontstyle0\">Tr\u00f3jfazowe silniki z hamulcem DC<\/span><\/h1>\n<table class=\"NormalTable\">\n<tbody>\n<tr>\n<td><strong><span class=\"fontstyle3\">Typ<br \/>\n<\/span><\/strong><\/td>\n<td><strong><span class=\"fontstyle3\">Moc[kW]\n<\/span><\/strong><\/td>\n<td><strong><span class=\"fontstyle3\">Obroty<br \/>\n<\/span><\/strong><\/td>\n<\/tr>\n<tr>\n<td><span class=\"fontstyle3\">OMT4B-71C-4<br \/>\n<\/span><\/td>\n<td><span class=\"fontstyle3\">0,55<br \/>\n<\/span><\/td>\n<td><span class=\"fontstyle3\">1400<br \/>\n<\/span><\/td>\n<\/tr>\n<tr>\n<td><span class=\"fontstyle3\">OMT4B-802-4<br \/>\n<\/span><\/td>\n<td><span class=\"fontstyle3\">0,75<br \/>\n<\/span><\/td>\n<td><span class=\"fontstyle3\">1400<br \/>\n<\/span><\/td>\n<\/tr>\n<tr>\n<td width=\"103\"><span class=\"fontstyle3\">OMT4B-90L4 <\/span><\/td>\n<td width=\"47\"><span class=\"fontstyle3\">1,5 <\/span><\/td>\n<td width=\"47\"><span class=\"fontstyle3\">1400 <\/span><\/td>\n<\/tr>\n<tr>\n<td width=\"103\"><span class=\"fontstyle3\">OMT4B-100L1-4 <\/span><\/td>\n<td width=\"47\"><span class=\"fontstyle3\">2,2 <\/span><\/td>\n<td width=\"47\"><span class=\"fontstyle3\">1420 <\/span><\/td>\n<\/tr>\n<tr>\n<td width=\"103\"><span class=\"fontstyle3\">OMT4B-100L2-4 <\/span><\/td>\n<td width=\"47\"><span class=\"fontstyle3\">3,0 <\/span><\/td>\n<td width=\"47\"><span class=\"fontstyle3\">1420 <\/span><\/td>\n<\/tr>\n<tr>\n<td width=\"103\"><span class=\"fontstyle3\">OMT4B-112M4 <\/span><\/td>\n<td width=\"47\"><span class=\"fontstyle3\">4,0 <\/span><\/td>\n<td width=\"47\"><span class=\"fontstyle3\">1440 <\/span><\/td>\n<\/tr>\n<tr>\n<td><span class=\"fontstyle3\">OMT4B-112C-4<br \/>\n<\/span><\/td>\n<td><span class=\"fontstyle3\">5,5<br \/>\n<\/span><\/td>\n<td><span class=\"fontstyle3\">1440<br \/>\n<\/span><\/td>\n<\/tr>\n<\/tbody>\n<\/table>\n<p>Silniki samohamowne serii <strong>OMT4B<\/strong> produkowane s\u0105 w kad\u0142ubach aluminiowych wielko\u015bci mechanicznej <strong>71\u00f7132<\/strong>.Posiadaj\u0105 monoblokow\u0105 konstrukcj\u0119 kad\u0142uba z przykr\u0119canymi \u0142apami oraz z nagwintowanymi nadlewkami na korpusie, co umo\u017cliwia prze\u0142o\u017cenie \u0142ap i zmian\u0119 ich usytuowania wzgl\u0119dem skrzynki zaciskowej (uzyskanie wariantu ze skrzynk\u0105 z prawej lub lewej strony kad\u0142uba)<\/p>\n<p><strong>Silnik z hamulcem <\/strong>wykorzystywany jest w urz\u0105dzeniach wymagaj\u0105cych nag\u0142ego zatrzymania ze wzgl\u0119d\u00f3w bezpiecze\u0144stwa, takich jak: pakowarki, przeno\u015bniki, maszyny myj\u0105ce i nape\u0142niaj\u0105ce butelki, suwnice, windy, drukarki, automatyczne bramy, obrabiarki do drewna itd.<\/p>\n<ul>\n<li class=\"bullet-arrow\"><strong>Moc wyj\u015bciowa: 0,55 kW do 5,5kW<\/strong><\/li>\n<li class=\"bullet-arrow\"><strong>Liczba biegun\u00f3w: 2, 4<\/strong><\/li>\n<li class=\"bullet-arrow\"><strong>Rozmiary IEC: 71 do 132<\/strong><\/li>\n<\/ul>\n<p>Silniki wyposa\u017cone s\u0105 w hamulec elektromagnetyczny pr\u0105du sta\u0142ego (DC), zasilany poprzez prostownik AC\/DC zabudowany w skrzynce zaciskowej<\/p>\n<p data-line-height=\"s\">Prostownik jest zasilany bezpo\u015brednio z zacisk\u00f3w silnika (wykonanie fabryczne) lub mo\u017ce by\u0107 zasilany zewn\u0119trznym napi\u0119ciem AC.<\/p>\n<p data-line-height=\"s\">W zale\u017cno\u015bci od mocy znamionowej silnika stosowane s\u0105 nast\u0119puj\u0105ce konfiguracje napi\u0119\u0107 zasilaj\u0105cych hamulec:<\/p>\n<ul>\n<li>\u2013 dla silnik\u00f3w <strong>\u2264<\/strong> 2,2kW &amp; 230VAC\/100VDC<\/li>\n<li>\u2013 dla silnik\u00f3w <strong>\u2265<\/strong> 3,0kW &amp; 400VAC\/180VDC<\/li>\n<\/ul>\n<p><strong><em>\u00a0<\/em><\/strong><span class=\"fontstyle0\"><strong><em>Charakterystyka techniczna<\/em><\/strong><br \/>\n<\/span><\/p>\n<table class=\"NormalTable\">\n<tbody>\n<tr>\n<td width=\"180\"><span class=\"fontstyle2\">Wykonanie mechaniczne: na \u0142apach B3 (IM1001)<br \/>\nRodzaj pracy:ci\u0105g\u0142a S1<br \/>\nStopie\u0144 ochrony: IP55<br \/>\nSystem ch\u0142odzenia: w\u0142asne IC411<br \/>\nKlasa izolacji:F<br \/>\nLiczba zacisk\u00f3w stojana:6<br \/>\nTemperatura otoczenia: -20\u2026+40\u02daC<br \/>\nWilgotno\u015b\u0107 wzgl\u0119dna: \u226495%<br \/>\nWysoko\u015b\u0107 ustawienia:\u22641000 m n.p.m<br \/>\n\u0141o\u017cyska: kulkowe zamkni\u0119te 63xx 2RS<br \/>\nRodzaj hamulca: tarczowy spr\u0119\u017cynowy zwalniany elektromagnetycznie + d\u017awignia r\u0119cznego zwalniania<br \/>\nMalowanie:szary RAL7031<br \/>\nWykonanie wg norm: PN\/EN 60034-1<\/span><\/td>\n<td width=\"485\"><\/td>\n<\/tr>\n<\/tbody>\n<\/table>","protected":false},"excerpt":{"rendered":"<p>Tr\u00f3jfazowe silniki z hamulcem DC Typ Moc[kW] Obroty OMT4B-71C-4 0,55 1400 OMT4B-802-4 0,75 1400 OMT4B-90L4 1,5 1400 OMT4B-100L1-4 2,2 1420 OMT4B-100L2-4 3,0 1420 OMT4B-112M4 4,0 1440 OMT4B-112C-4 5,5 1440 Silniki samohamowne serii OMT4B produkowane s\u0105 w kad\u0142ubach aluminiowych wielko\u015bci mechanicznej 71\u00f7132.Posiadaj\u0105 monoblokow\u0105 konstrukcj\u0119 kad\u0142uba z przykr\u0119canymi \u0142apami oraz z nagwintowanymi nadlewkami na korpusie, co umo\u017cliwia [&#8230;]","protected":false},"featured_media":1894,"comment_status":"closed","ping_status":"closed","template":"","meta":[],"product_cat":[169],"product_tag":[],"class_list":["post-1179","product","type-product","status-publish","has-post-thumbnail","hentry","product_cat-silniki-specjalne"],"_links":{"self":[{"href":"https:\/\/omec-poznan.pl\/en\/wp-json\/wp\/v2\/product\/1179","targetHints":{"allow":["GET"]}}],"collection":[{"href":"https:\/\/omec-poznan.pl\/en\/wp-json\/wp\/v2\/product"}],"about":[{"href":"https:\/\/omec-poznan.pl\/en\/wp-json\/wp\/v2\/types\/product"}],"replies":[{"embeddable":true,"href":"https:\/\/omec-poznan.pl\/en\/wp-json\/wp\/v2\/comments?post=1179"}],"wp:featuredmedia":[{"embeddable":true,"href":"https:\/\/omec-poznan.pl\/en\/wp-json\/wp\/v2\/media\/1894"}],"wp:attachment":[{"href":"https:\/\/omec-poznan.pl\/en\/wp-json\/wp\/v2\/media?parent=1179"}],"wp:term":[{"taxonomy":"product_cat","embeddable":true,"href":"https:\/\/omec-poznan.pl\/en\/wp-json\/wp\/v2\/product_cat?post=1179"},{"taxonomy":"product_tag","embeddable":true,"href":"https:\/\/omec-poznan.pl\/en\/wp-json\/wp\/v2\/product_tag?post=1179"}],"curies":[{"name":"wp","href":"https:\/\/api.w.org\/{rel}","templated":true}]}}