{"id":1738,"date":"2020-10-05T08:38:32","date_gmt":"2020-10-05T08:38:32","guid":{"rendered":"https:\/\/omec-poznan.pl\/?post_type=product&#038;p=1738"},"modified":"2020-10-05T08:46:32","modified_gmt":"2020-10-05T08:46:32","slug":"obce-chlodzenie-r63-o121mm","status":"publish","type":"product","link":"https:\/\/omec-poznan.pl\/en\/oferta\/obce-chlodzenia\/obce-chlodzenie-r63-o121mm\/","title":{"rendered":"Obce ch\u0142odzenie R63 \u00d8121mm"},"content":{"rendered":"<section class=\"section\" id=\"section_749640130\">\n\t\t<div class=\"bg section-bg fill bg-fill  bg-loaded\" >\n\n\t\t\t\n\t\t\t\n\t\t\t\n\t<div class=\"is-border\"\n\t\tstyle=\"border-color:rgb(235, 235, 235);border-width:1px 0px 0px 0px;\">\n\t<\/div>\n\n\t\t<\/div>\n\n\t\t<div class=\"section-content relative\">\n\t\t\t\n<div class=\"row row-large align-middle\"  id=\"row-705104490\">\n\n\t<div id=\"col-1264128588\" class=\"col small-12 large-12\"  >\n\t\t<div class=\"col-inner text-left\"  >\n\t\t\t\n\t\t\t\n<h2><b>OBCE CH\u0141ODZENIE P63 \u00d8121mm 230V<\/b><\/h2>\n<ul>\n<li>wielko\u015b\u0107 mechaniczna P63<\/li>\n<li>zasilanie jednofazowe 230V<\/li>\n<li>cz\u0119stotliwo\u015b\u0107 50Hz<\/li>\n<li>moc 20W<\/li>\n<li>pr\u0119dko\u015b\u0107 2800obr\/min<\/li>\n<li>nat\u0119\u017cenie 0,075A<\/li>\n<li>wydajno\u015b\u0107 45m3\/h<\/li>\n<li>ci\u015bnienie 40Pa<\/li>\n<li>poziom ha\u0142asu 62dB<\/li>\n<li>korpus aluminiowy<\/li>\n<li>stopie\u0144 ochrony IP55<\/li>\n<\/ul>\n\t\t<\/div>\n\t\t\t<\/div>\n\n\t\n<\/div>\n\t\t<\/div>\n\n\t\t\n<style>\n#section_749640130 {\n  padding-top: 59px;\n  padding-bottom: 59px;\n  min-height: 300px;\n}\n<\/style>\n\t<\/section>","protected":false},"excerpt":{"rendered":"","protected":false},"featured_media":2475,"comment_status":"closed","ping_status":"closed","template":"","meta":[],"product_cat":[171],"product_tag":[],"class_list":["post-1738","product","type-product","status-publish","has-post-thumbnail","hentry","product_cat-obce-chlodzenia"],"_links":{"self":[{"href":"https:\/\/omec-poznan.pl\/en\/wp-json\/wp\/v2\/product\/1738","targetHints":{"allow":["GET"]}}],"collection":[{"href":"https:\/\/omec-poznan.pl\/en\/wp-json\/wp\/v2\/product"}],"about":[{"href":"https:\/\/omec-poznan.pl\/en\/wp-json\/wp\/v2\/types\/product"}],"replies":[{"embeddable":true,"href":"https:\/\/omec-poznan.pl\/en\/wp-json\/wp\/v2\/comments?post=1738"}],"wp:featuredmedia":[{"embeddable":true,"href":"https:\/\/omec-poznan.pl\/en\/wp-json\/wp\/v2\/media\/2475"}],"wp:attachment":[{"href":"https:\/\/omec-poznan.pl\/en\/wp-json\/wp\/v2\/media?parent=1738"}],"wp:term":[{"taxonomy":"product_cat","embeddable":true,"href":"https:\/\/omec-poznan.pl\/en\/wp-json\/wp\/v2\/product_cat?post=1738"},{"taxonomy":"product_tag","embeddable":true,"href":"https:\/\/omec-poznan.pl\/en\/wp-json\/wp\/v2\/product_tag?post=1738"}],"curies":[{"name":"wp","href":"https:\/\/api.w.org\/{rel}","templated":true}]}}