{"id":1740,"date":"2020-10-05T08:50:29","date_gmt":"2020-10-05T08:50:29","guid":{"rendered":"https:\/\/omec-poznan.pl\/?post_type=product&#038;p=1740"},"modified":"2020-10-05T08:52:39","modified_gmt":"2020-10-05T08:52:39","slug":"obce-chlodzenie-r71","status":"publish","type":"product","link":"https:\/\/omec-poznan.pl\/en\/oferta\/obce-chlodzenia\/obce-chlodzenie-r71\/","title":{"rendered":"Obce ch\u0142odzenie R71 \u00d8138mm"},"content":{"rendered":"<section class=\"section\" id=\"section_1283205809\">\n\t\t<div class=\"bg section-bg fill bg-fill  bg-loaded\" >\n\n\t\t\t\n\t\t\t\n\t\t\t\n\t<div class=\"is-border\"\n\t\tstyle=\"border-color:rgb(235, 235, 235);border-width:1px 0px 0px 0px;\">\n\t<\/div>\n\n\t\t<\/div>\n\n\t\t<div class=\"section-content relative\">\n\t\t\t\n<div class=\"row row-large align-middle\"  id=\"row-1704717524\">\n\n\t<div id=\"col-430209566\" class=\"col small-12 large-12\"  >\n\t\t<div class=\"col-inner text-left\"  >\n\t\t\t\n\t\t\t\n<div class=\"_1voj4 _z9prt _1xzdi _ai5yc _5d6n2 _15lj1\">\n<div class=\"_2d49e_5pK0q\">\n<h2><b>OBCE CH\u0141ODZENIE P71 \u00d8138mm 230V<\/b><\/h2>\n<ul>\n<li>wielko\u015b\u0107 mechaniczna P71<\/li>\n<li>zasilanie jednofazowe 230V<\/li>\n<li>cz\u0119stotliwo\u015b\u0107 50Hz<\/li>\n<li>moc 25W<\/li>\n<li>pr\u0119dko\u015b\u0107 2800obr\/min<\/li>\n<li>nat\u0119\u017cenie 0,08A<\/li>\n<li>wydajno\u015b\u0107 52m3\/h<\/li>\n<li>ci\u015bnienie 50Pa<\/li>\n<li>poziom ha\u0142asu 62dB<\/li>\n<li>korpus aluminiowy<\/li>\n<li>stopie\u0144 ochrony IP55<\/li>\n<\/ul>\n<\/div>\n<\/div>\n<p>&nbsp;<\/p>\n\t\t<\/div>\n\t\t\t<\/div>\n\n\t\n<\/div>\n\t\t<\/div>\n\n\t\t\n<style>\n#section_1283205809 {\n  padding-top: 59px;\n  padding-bottom: 59px;\n  min-height: 300px;\n}\n<\/style>\n\t<\/section>","protected":false},"excerpt":{"rendered":"","protected":false},"featured_media":2475,"comment_status":"closed","ping_status":"closed","template":"","meta":[],"product_cat":[171],"product_tag":[],"class_list":["post-1740","product","type-product","status-publish","has-post-thumbnail","hentry","product_cat-obce-chlodzenia","pa_iec-26"],"_links":{"self":[{"href":"https:\/\/omec-poznan.pl\/en\/wp-json\/wp\/v2\/product\/1740","targetHints":{"allow":["GET"]}}],"collection":[{"href":"https:\/\/omec-poznan.pl\/en\/wp-json\/wp\/v2\/product"}],"about":[{"href":"https:\/\/omec-poznan.pl\/en\/wp-json\/wp\/v2\/types\/product"}],"replies":[{"embeddable":true,"href":"https:\/\/omec-poznan.pl\/en\/wp-json\/wp\/v2\/comments?post=1740"}],"wp:featuredmedia":[{"embeddable":true,"href":"https:\/\/omec-poznan.pl\/en\/wp-json\/wp\/v2\/media\/2475"}],"wp:attachment":[{"href":"https:\/\/omec-poznan.pl\/en\/wp-json\/wp\/v2\/media?parent=1740"}],"wp:term":[{"taxonomy":"product_cat","embeddable":true,"href":"https:\/\/omec-poznan.pl\/en\/wp-json\/wp\/v2\/product_cat?post=1740"},{"taxonomy":"product_tag","embeddable":true,"href":"https:\/\/omec-poznan.pl\/en\/wp-json\/wp\/v2\/product_tag?post=1740"}],"curies":[{"name":"wp","href":"https:\/\/api.w.org\/{rel}","templated":true}]}}