{"id":1744,"date":"2020-10-05T09:01:23","date_gmt":"2020-10-05T09:01:23","guid":{"rendered":"https:\/\/omec-poznan.pl\/?post_type=product&#038;p=1744"},"modified":"2020-10-05T09:02:16","modified_gmt":"2020-10-05T09:02:16","slug":"obce-chlodzenie-r112","status":"publish","type":"product","link":"https:\/\/omec-poznan.pl\/en\/oferta\/obce-chlodzenia\/obce-chlodzenie-r112\/","title":{"rendered":"Obce ch\u0142odzenie R112 \u00d8219mm"},"content":{"rendered":"<section class=\"section\" id=\"section_1341239663\">\n\t\t<div class=\"bg section-bg fill bg-fill  bg-loaded\" >\n\n\t\t\t\n\t\t\t\n\t\t\t\n\t<div class=\"is-border\"\n\t\tstyle=\"border-color:rgb(235, 235, 235);border-width:1px 0px 0px 0px;\">\n\t<\/div>\n\n\t\t<\/div>\n\n\t\t<div class=\"section-content relative\">\n\t\t\t\n<div class=\"row row-large align-middle\"  id=\"row-884062529\">\n\n\t<div id=\"col-432581572\" class=\"col small-12 large-12\"  >\n\t\t<div class=\"col-inner text-left\"  >\n\t\t\t\n\t\t\t\n<div class=\"_1voj4 _z9prt _1xzdi _ai5yc _5d6n2 _15lj1\">\n<div class=\"_2d49e_5pK0q\">\n<div class=\"_1voj4 _z9prt _1xzdi _ai5yc _5d6n2 _15lj1\">\n<div class=\"_2d49e_5pK0q\">\n<div class=\"_1voj4 _z9prt _1xzdi _ai5yc _5d6n2 _15lj1\">\n<div class=\"_2d49e_5pK0q\">\n<h1>OBCE CH\u0141ODZENIE R112 \u00d8219 mm 230V<\/h1>\n<ul>\n<li>KORPUS: <b>aluminiowy<\/b><\/li>\n<li>WIELKO\u015a\u0106 MECHANICZNA: <b>112<\/b><\/li>\n<li>ZASILANIE: <b>jednofazowe 230 V<\/b><\/li>\n<li>CZ\u0118STOTLIWO\u015a\u0106: <b>50 Hz<\/b><\/li>\n<li>MOC:<b> 69 W<\/b><\/li>\n<li>NAT\u0118\u017bENIE: <b>0,18 A<\/b><\/li>\n<li>PR\u0118DKO\u015a\u0106: <b>2600 obr\/min<\/b><\/li>\n<li>WYDAJNO\u015a\u0106: <b>229<\/b><b> m3\/h<\/b><\/li>\n<li>CI\u015aNIENIE: <b>80<\/b><b> Pa<\/b><\/li>\n<li>POZIOM HA\u0141ASU: <b>67 dB<\/b><\/li>\n<li>STOPIE\u0143 OCHRONY: <b>55 IP<\/b><\/li>\n<\/ul>\n<\/div>\n<\/div>\n<\/div>\n<\/div>\n<\/div>\n<\/div>\n<p>&nbsp;<\/p>\n\t\t<\/div>\n\t\t\t<\/div>\n\n\t\n<\/div>\n\t\t<\/div>\n\n\t\t\n<style>\n#section_1341239663 {\n  padding-top: 59px;\n  padding-bottom: 59px;\n  min-height: 300px;\n}\n<\/style>\n\t<\/section>","protected":false},"excerpt":{"rendered":"","protected":false},"featured_media":2475,"comment_status":"closed","ping_status":"closed","template":"","meta":[],"product_cat":[171],"product_tag":[],"class_list":["post-1744","product","type-product","status-publish","has-post-thumbnail","hentry","product_cat-obce-chlodzenia","pa_iec-30"],"_links":{"self":[{"href":"https:\/\/omec-poznan.pl\/en\/wp-json\/wp\/v2\/product\/1744","targetHints":{"allow":["GET"]}}],"collection":[{"href":"https:\/\/omec-poznan.pl\/en\/wp-json\/wp\/v2\/product"}],"about":[{"href":"https:\/\/omec-poznan.pl\/en\/wp-json\/wp\/v2\/types\/product"}],"replies":[{"embeddable":true,"href":"https:\/\/omec-poznan.pl\/en\/wp-json\/wp\/v2\/comments?post=1744"}],"wp:featuredmedia":[{"embeddable":true,"href":"https:\/\/omec-poznan.pl\/en\/wp-json\/wp\/v2\/media\/2475"}],"wp:attachment":[{"href":"https:\/\/omec-poznan.pl\/en\/wp-json\/wp\/v2\/media?parent=1744"}],"wp:term":[{"taxonomy":"product_cat","embeddable":true,"href":"https:\/\/omec-poznan.pl\/en\/wp-json\/wp\/v2\/product_cat?post=1744"},{"taxonomy":"product_tag","embeddable":true,"href":"https:\/\/omec-poznan.pl\/en\/wp-json\/wp\/v2\/product_tag?post=1744"}],"curies":[{"name":"wp","href":"https:\/\/api.w.org\/{rel}","templated":true}]}}