{"id":1746,"date":"2020-10-05T09:05:13","date_gmt":"2020-10-05T09:05:13","guid":{"rendered":"https:\/\/omec-poznan.pl\/?post_type=product&#038;p=1746"},"modified":"2020-10-05T09:06:54","modified_gmt":"2020-10-05T09:06:54","slug":"obce-chlodzenie-r160","status":"publish","type":"product","link":"https:\/\/omec-poznan.pl\/en\/oferta\/obce-chlodzenia\/obce-chlodzenie-r160\/","title":{"rendered":"Obce ch\u0142odzenie R160 \u00d8311mm"},"content":{"rendered":"<section class=\"section\" id=\"section_1828920027\">\n\t\t<div class=\"bg section-bg fill bg-fill  bg-loaded\" >\n\n\t\t\t\n\t\t\t\n\t\t\t\n\t<div class=\"is-border\"\n\t\tstyle=\"border-color:rgb(235, 235, 235);border-width:1px 0px 0px 0px;\">\n\t<\/div>\n\n\t\t<\/div>\n\n\t\t<div class=\"section-content relative\">\n\t\t\t\n<div class=\"row row-large align-middle\"  id=\"row-1779801798\">\n\n\t<div id=\"col-708503796\" class=\"col small-12 large-12\"  >\n\t\t<div class=\"col-inner text-left\"  >\n\t\t\t\n\t\t\t\n<div class=\"_1voj4 _z9prt _1xzdi _ai5yc _5d6n2 _15lj1\">\n<div class=\"_2d49e_5pK0q\">\n<div class=\"_1voj4 _z9prt _1xzdi _ai5yc _5d6n2 _15lj1\">\n<div class=\"_2d49e_5pK0q\">\n<div class=\"_1voj4 _z9prt _1xzdi _ai5yc _5d6n2 _15lj1\">\n<div class=\"_2d49e_5pK0q\">\n<div class=\"_1voj4 _z9prt _1xzdi _ai5yc _5d6n2 _15lj1\">\n<div class=\"_2d49e_5pK0q\">\n<h2>Obce ch\u0142odzenie R160 \u00d8311mm 230V<\/h2>\n<ul>\n<li>Napi\u0119cie: 230V<\/li>\n<li>Cz\u0119stotliwo\u015b\u0107: 50Hz<\/li>\n<li>Moc: 60W<\/li>\n<li>Pr\u0105d: 0.28A<\/li>\n<li>Obroty: 1400\/min<\/li>\n<li>Wydajno\u015b\u0107: 609m\u00b3\/h<\/li>\n<li>Ci\u015bnienie: 40Pa<\/li>\n<li>Ha\u0142as: 72dB<\/li>\n<\/ul>\n<\/div>\n<\/div>\n<\/div>\n<\/div>\n<\/div>\n<\/div>\n<\/div>\n<\/div>\n<p>&nbsp;<\/p>\n\t\t<\/div>\n\t\t\t<\/div>\n\n\t\n<\/div>\n\t\t<\/div>\n\n\t\t\n<style>\n#section_1828920027 {\n  padding-top: 59px;\n  padding-bottom: 59px;\n  min-height: 300px;\n}\n<\/style>\n\t<\/section>","protected":false},"excerpt":{"rendered":"","protected":false},"featured_media":2475,"comment_status":"closed","ping_status":"closed","template":"","meta":[],"product_cat":[171],"product_tag":[],"class_list":["post-1746","product","type-product","status-publish","has-post-thumbnail","hentry","product_cat-obce-chlodzenia","pa_iec-32"],"_links":{"self":[{"href":"https:\/\/omec-poznan.pl\/en\/wp-json\/wp\/v2\/product\/1746","targetHints":{"allow":["GET"]}}],"collection":[{"href":"https:\/\/omec-poznan.pl\/en\/wp-json\/wp\/v2\/product"}],"about":[{"href":"https:\/\/omec-poznan.pl\/en\/wp-json\/wp\/v2\/types\/product"}],"replies":[{"embeddable":true,"href":"https:\/\/omec-poznan.pl\/en\/wp-json\/wp\/v2\/comments?post=1746"}],"wp:featuredmedia":[{"embeddable":true,"href":"https:\/\/omec-poznan.pl\/en\/wp-json\/wp\/v2\/media\/2475"}],"wp:attachment":[{"href":"https:\/\/omec-poznan.pl\/en\/wp-json\/wp\/v2\/media?parent=1746"}],"wp:term":[{"taxonomy":"product_cat","embeddable":true,"href":"https:\/\/omec-poznan.pl\/en\/wp-json\/wp\/v2\/product_cat?post=1746"},{"taxonomy":"product_tag","embeddable":true,"href":"https:\/\/omec-poznan.pl\/en\/wp-json\/wp\/v2\/product_tag?post=1746"}],"curies":[{"name":"wp","href":"https:\/\/api.w.org\/{rel}","templated":true}]}}