{"id":1923,"date":"2020-10-12T21:37:05","date_gmt":"2020-10-12T21:37:05","guid":{"rendered":"https:\/\/omec-poznan.pl\/?post_type=product&#038;p=1923"},"modified":"2020-10-14T11:59:45","modified_gmt":"2020-10-14T11:59:45","slug":"silniki-wysokiego-napiecia","status":"publish","type":"product","link":"https:\/\/omec-poznan.pl\/en\/oferta\/silniki-duzych-mocy\/silniki-wysokiego-napiecia\/","title":{"rendered":"Silniki wysokiego napi\u0119cia OMH-MV"},"content":{"rendered":"<p>\u017beliwne tr\u00f3jfazowe silniki klatkowe indukcyjne \u015bredniego napi\u0119cia<\/p>\n<p>klasa sprawno\u015bci zgodnie z IEC 60034-30<\/p>\n<p>\u2022 Napi\u0119cie 3,0kV \/ 3,3kV \/ 6,0kV \/ 6,6kV, 50Hz<\/p>\n<p>\u2022 Klasa izolacji F, IP55, TEFC IC411<\/p>\n<p>\u2022 3x PTC150 \u00b0 C, 3x uzwojenie PT100, 2 \u0142o\u017cyska PT100<\/p>\n<p>\u2022 1x grza\u0142ka antykondensacyjna<\/p>\n<p>\u2022 Main &amp; Aux. Opcja T-box na LHS, RHS, DE lub NDE<\/p>\n<p>\u2022 Ekranowana izolacja NDE, kolor RAL 7031<\/p>\n<p>\u2022 Komponenty nad z\u0142\u0105czami MZB<\/p>","protected":false},"excerpt":{"rendered":"<p>\u017beliwne tr\u00f3jfazowe silniki klatkowe indukcyjne \u015bredniego napi\u0119cia klasa sprawno\u015bci zgodnie z IEC 60034-30 \u2022 Napi\u0119cie 3,0kV \/ 3,3kV \/ 6,0kV \/ 6,6kV, 50Hz \u2022 Klasa izolacji F, IP55, TEFC IC411 \u2022 3x PTC150 \u00b0 C, 3x uzwojenie PT100, 2 \u0142o\u017cyska PT100 \u2022 1x grza\u0142ka antykondensacyjna \u2022 Main &amp; Aux. Opcja T-box na LHS, RHS, DE [&#8230;]","protected":false},"featured_media":0,"comment_status":"closed","ping_status":"closed","template":"","meta":[],"product_cat":[151],"product_tag":[],"class_list":["post-1923","product","type-product","status-publish","hentry","product_cat-silniki-duzych-mocy"],"_links":{"self":[{"href":"https:\/\/omec-poznan.pl\/en\/wp-json\/wp\/v2\/product\/1923","targetHints":{"allow":["GET"]}}],"collection":[{"href":"https:\/\/omec-poznan.pl\/en\/wp-json\/wp\/v2\/product"}],"about":[{"href":"https:\/\/omec-poznan.pl\/en\/wp-json\/wp\/v2\/types\/product"}],"replies":[{"embeddable":true,"href":"https:\/\/omec-poznan.pl\/en\/wp-json\/wp\/v2\/comments?post=1923"}],"wp:attachment":[{"href":"https:\/\/omec-poznan.pl\/en\/wp-json\/wp\/v2\/media?parent=1923"}],"wp:term":[{"taxonomy":"product_cat","embeddable":true,"href":"https:\/\/omec-poznan.pl\/en\/wp-json\/wp\/v2\/product_cat?post=1923"},{"taxonomy":"product_tag","embeddable":true,"href":"https:\/\/omec-poznan.pl\/en\/wp-json\/wp\/v2\/product_tag?post=1923"}],"curies":[{"name":"wp","href":"https:\/\/api.w.org\/{rel}","templated":true}]}}