{"id":2007,"date":"2020-10-15T09:18:08","date_gmt":"2020-10-15T09:18:08","guid":{"rendered":"https:\/\/omec-poznan.pl\/?post_type=product&#038;p=2007"},"modified":"2020-10-15T10:34:06","modified_gmt":"2020-10-15T10:34:06","slug":"silniki-ip23-seria-omd","status":"publish","type":"product","link":"https:\/\/omec-poznan.pl\/en\/oferta\/silniki-duzych-mocy\/silniki-ip23-seria-omd\/","title":{"rendered":"Silniki OMD-IP23"},"content":{"rendered":"<p><strong>Silniki OMD-IP23 to tr\u00f3jfazowe silniki asynchroniczne budowy okapturzonej (IP23). Dost\u0119pne w wielko\u015bciach mechanicznych 160-355 o liczbie biegun\u00f3w 2, 4, 6 lub 8.<\/strong><br \/>\nZe wzgl\u0119du na stopie\u0144 ochrony wn\u0119trza (IP23) mog\u0105 pracowa\u0107 w pomieszczeniach zamkni\u0119tych, w kt\u00f3rych otaczaj\u0105ce powietrze nie zawiera py\u0142u lub zanieczyszcze\u0144 mechanicznych i chemicznych.<br \/>\nZapylenie powietrza powinno by\u0107 mniejsze od 2 mg\/m .<br \/>\nSkrzynka zaciskowa, obracalna 4&#215;90 \u030a, osadzona jest na g\u00f3rze kad\u0142uba. Przystosowane s\u0105 do pracy dwukierunkowej (prawego i lewego kierunku wirowania).<\/p>\n\n\t\t<div class=\"tabbed-content\">\n\t\t\t\n\t\t\t<ul class=\"nav nav-line nav-vertical nav-uppercase nav-size-normal nav-left\"><li class=\"tab active has-icon\"><a href=\"#tab_\u0141o\u017cyska\"><span>\u0141o\u017cyska<\/span><\/a><\/li>\n<li class=\"tab has-icon\"><a href=\"#tab_tab-2-title\"><span>Tab 2 Title<\/span><\/a><\/li>\n<li class=\"tab has-icon\"><a href=\"#tab_tab-3-title\"><span>Tab 3 Title<\/span><\/a><\/li><\/ul><div class=\"tab-panels\"><div class=\"panel active entry-content\" id=\"tab_\u0141o\u017cyska\"> <div class=\"row\"  id=\"row-1359717120\">\n\n\t<div id=\"col-583214514\" class=\"col medium-1\/1 large-12\"  >\n\t\t<div class=\"col-inner\"  >\n\t\t\t\n\t\t\t\n<p><span class=\"fontstyle0\">Silniki wyposa\u017cono standardowo w \u0142o\u017cyska kulkowe wysokiej jako\u015bci, zeznakami towarowymi firm SKF, NSK lub FAG.<br \/>\nW silnikach wielko\u015bci mechanicznej 250-355 przeznaczonych do nap\u0119du pasowego \u2013 na \u017cyczenie klienta &#8211; po stronie nap\u0119dowej DE mog\u0105 by\u0107 stosowane \u0142o\u017cyska walcowe serii NU.<br \/>\nWielko\u015bci i typy \u0142o\u017cysk podano w tabeli poni\u017cej:<\/span><\/p>\n<p><img decoding=\"async\" class=\"alignnone wp-image-2010\" src=\"https:\/\/omec-poznan.pl\/wp-content\/uploads\/2020\/10\/lozyska-omd-ip23-485x400.png\" alt=\"\" width=\"364\" height=\"300\" srcset=\"https:\/\/omec-poznan.pl\/wp-content\/uploads\/2020\/10\/lozyska-omd-ip23-485x400.png 485w, https:\/\/omec-poznan.pl\/wp-content\/uploads\/2020\/10\/lozyska-omd-ip23-510x421.png 510w, https:\/\/omec-poznan.pl\/wp-content\/uploads\/2020\/10\/lozyska-omd-ip23.png 544w\" sizes=\"(max-width: 364px) 100vw, 364px\" \/><\/p>\n\t\t<\/div>\n\t\t\t<\/div>\n\n\t\n<\/div>\n<\/div>\n<div class=\"panel entry-content\" id=\"tab_tab-2-title\"> <div class=\"row\"  id=\"row-1990647270\">\n\n\t<div id=\"col-1391278136\" class=\"col medium-1\/1 large-12\"  >\n\t\t<div class=\"col-inner\"  >\n\t\t\t\n\t\t\t\n\t\t<\/div>\n\t\t\t<\/div>\n\n\t\n<\/div>\n<\/div>\n<div class=\"panel entry-content\" id=\"tab_tab-3-title\"> Tab content <\/div><\/div><\/div>\n\n\t\t<div class=\"tabbed-content\">\n\t\t\t<h4 class=\"uppercase text-left\">Modyfikacje silnik\u00f3w wykonywane przez nasz warsztat<\/h4>\n\t\t\t<ul class=\"nav nav-pills nav-uppercase nav-size-normal nav-left\"><li class=\"tab active has-icon\"><a href=\"#tab_panel-1647950948\"><span><\/span><\/a><\/li>\n<li class=\"tab has-icon\"><a href=\"#tab_czujniki\"><span>Czujniki<\/span><\/a><\/li>\n<li class=\"tab has-icon\"><a href=\"#tab_enkodery\"><span>Enkodery<\/span><\/a><\/li><\/ul><div class=\"tab-panels\"><div class=\"panel active entry-content\" id=\"tab_panel-1647950948\"> -modyfikacje mechaniczne zwi\u0105zane ze sposobem mocowania i pod\u0142\u0105czania silnika<br \/>\n-podwy\u017cszenie stopnia ochrony; dodatkowa impregnacja uzwoje\u0144; podwy\u017cszona klasa izolacji <\/div>\n<div class=\"panel entry-content\" id=\"tab_czujniki\"> -monta\u017c czujnik\u00f3w temperatury uzwoje\u0144 i\/lub \u0142o\u017cysk wg potrzeb zamawiaj\u0105cego;<\/p>\n<p>-monta\u017c czujnik\u00f3w drga\u0144 \u0142o\u017cysk; doposa\u017cenie silnika w przetworniki mierzonych wielko\u015bci fizycznych<\/div>\n<div class=\"panel entry-content\" id=\"tab_enkodery\"> -zabudowa enkoder\u00f3w o parametrach zgodnych z wymaganiami klienta (w tym r\u00f3wnie\u017c dostarczonego przez klienta) przy minimalnej ingerencji w konstrukcj\u0119 samego silnika<\/div><\/div><\/div>\n<div class=\"message-box relative dark\" style=\"padding-top:15px;padding-bottom:15px;\"><div class=\"message-box-bg-image bg-fill fill\" style=\"background-image:url(#hex or http:\/\/imageurl);\"><\/div><div class=\"message-box-bg-overlay bg-fill fill\" ><\/div><div class=\"container relative\"><div class=\"inner last-reset\"><a href=\"https:\/\/omec-poznan.pl\/wykonania-specjalne-silnikow\/\"> Modyfikacje silnik\u00f3w wykonywane przez nasz warsztat<\/a> <\/div><\/div><\/div>","protected":false},"excerpt":{"rendered":"<p>Silniki OMD-IP23 to tr\u00f3jfazowe silniki asynchroniczne budowy okapturzonej (IP23). Dost\u0119pne w wielko\u015bciach mechanicznych 160-355 o liczbie biegun\u00f3w 2, 4, 6 lub 8. Ze wzgl\u0119du na stopie\u0144 ochrony wn\u0119trza (IP23) mog\u0105 pracowa\u0107 w pomieszczeniach zamkni\u0119tych, w kt\u00f3rych otaczaj\u0105ce powietrze nie zawiera py\u0142u lub zanieczyszcze\u0144 mechanicznych i chemicznych. Zapylenie powietrza powinno by\u0107 mniejsze od 2 mg\/m . [&#8230;]","protected":false},"featured_media":2008,"comment_status":"closed","ping_status":"closed","template":"","meta":[],"product_cat":[151],"product_tag":[],"class_list":["post-2007","product","type-product","status-publish","has-post-thumbnail","hentry","product_cat-silniki-duzych-mocy"],"_links":{"self":[{"href":"https:\/\/omec-poznan.pl\/en\/wp-json\/wp\/v2\/product\/2007","targetHints":{"allow":["GET"]}}],"collection":[{"href":"https:\/\/omec-poznan.pl\/en\/wp-json\/wp\/v2\/product"}],"about":[{"href":"https:\/\/omec-poznan.pl\/en\/wp-json\/wp\/v2\/types\/product"}],"replies":[{"embeddable":true,"href":"https:\/\/omec-poznan.pl\/en\/wp-json\/wp\/v2\/comments?post=2007"}],"wp:featuredmedia":[{"embeddable":true,"href":"https:\/\/omec-poznan.pl\/en\/wp-json\/wp\/v2\/media\/2008"}],"wp:attachment":[{"href":"https:\/\/omec-poznan.pl\/en\/wp-json\/wp\/v2\/media?parent=2007"}],"wp:term":[{"taxonomy":"product_cat","embeddable":true,"href":"https:\/\/omec-poznan.pl\/en\/wp-json\/wp\/v2\/product_cat?post=2007"},{"taxonomy":"product_tag","embeddable":true,"href":"https:\/\/omec-poznan.pl\/en\/wp-json\/wp\/v2\/product_tag?post=2007"}],"curies":[{"name":"wp","href":"https:\/\/api.w.org\/{rel}","templated":true}]}}