{"id":2037,"date":"2020-10-16T07:00:41","date_gmt":"2020-10-16T07:00:41","guid":{"rendered":"https:\/\/omec-poznan.pl\/?post_type=product&#038;p=2037"},"modified":"2020-10-16T07:01:07","modified_gmt":"2020-10-16T07:01:07","slug":"silniki-w-wykonaniu-morskim","status":"publish","type":"product","link":"https:\/\/omec-poznan.pl\/en\/oferta\/silniki-specjalne\/silniki-w-wykonaniu-morskim\/","title":{"rendered":"Silniki w wykonaniu morskim"},"content":{"rendered":"<h1>Silniki 3-fazowe og\u00f3lnego przeznaczenia do pracy w warunkach klimatu morskiego<\/h1>\n<p>CHARAKTERYSTYKA SILNIKA:<\/p>\n<p>silniki og\u00f3lnego przeznaczenia do pracy w warunkach klimatu morskiego,<br \/>\npraca ci\u0105g\u0142a S1,<br \/>\nnapi\u0119cia znamionowe 400V\/460V,<br \/>\ncz\u0119stotliwo\u015b\u0107 zasilania 50\/60 Hz,<br \/>\ntemperatura otoczenia od -15\u00b0C do +40\u00b0C,<br \/>\nSilniki w wykonaniu morskim spe\u0142niaj\u0105 wymagania towarzystw: Polski Rejestr Statk\u00f3w, Lloyds Register Shipping, Germanischer Lloyd i mog\u0105 by\u0107 dostarczane z atestem tych towarzystw.<\/p>","protected":false},"excerpt":{"rendered":"<p>Silniki 3-fazowe og\u00f3lnego przeznaczenia do pracy w warunkach klimatu morskiego CHARAKTERYSTYKA SILNIKA: silniki og\u00f3lnego przeznaczenia do pracy w warunkach klimatu morskiego, praca ci\u0105g\u0142a S1, napi\u0119cia znamionowe 400V\/460V, cz\u0119stotliwo\u015b\u0107 zasilania 50\/60 Hz, temperatura otoczenia od -15\u00b0C do +40\u00b0C, Silniki w wykonaniu morskim spe\u0142niaj\u0105 wymagania towarzystw: Polski Rejestr Statk\u00f3w, Lloyds Register Shipping, Germanischer Lloyd i mog\u0105 by\u0107 [&#8230;]","protected":false},"featured_media":0,"comment_status":"closed","ping_status":"closed","template":"","meta":[],"product_cat":[169],"product_tag":[],"class_list":["post-2037","product","type-product","status-publish","hentry","product_cat-silniki-specjalne"],"_links":{"self":[{"href":"https:\/\/omec-poznan.pl\/en\/wp-json\/wp\/v2\/product\/2037","targetHints":{"allow":["GET"]}}],"collection":[{"href":"https:\/\/omec-poznan.pl\/en\/wp-json\/wp\/v2\/product"}],"about":[{"href":"https:\/\/omec-poznan.pl\/en\/wp-json\/wp\/v2\/types\/product"}],"replies":[{"embeddable":true,"href":"https:\/\/omec-poznan.pl\/en\/wp-json\/wp\/v2\/comments?post=2037"}],"wp:attachment":[{"href":"https:\/\/omec-poznan.pl\/en\/wp-json\/wp\/v2\/media?parent=2037"}],"wp:term":[{"taxonomy":"product_cat","embeddable":true,"href":"https:\/\/omec-poznan.pl\/en\/wp-json\/wp\/v2\/product_cat?post=2037"},{"taxonomy":"product_tag","embeddable":true,"href":"https:\/\/omec-poznan.pl\/en\/wp-json\/wp\/v2\/product_tag?post=2037"}],"curies":[{"name":"wp","href":"https:\/\/api.w.org\/{rel}","templated":true}]}}