{"id":230,"date":"2020-08-19T10:41:21","date_gmt":"2020-08-19T10:41:21","guid":{"rendered":"https:\/\/omec-poznan.pl\/?post_type=product&#038;p=230"},"modified":"2020-10-19T08:12:49","modified_gmt":"2020-10-19T08:12:49","slug":"silniki-elektryczne-omt4","status":"publish","type":"product","link":"https:\/\/omec-poznan.pl\/en\/oferta\/silniki-trojfazowe\/silniki-elektryczne-omt4\/","title":{"rendered":"Silniki elektryczne OMT4 aluminiowe"},"content":{"rendered":"<section class=\"section\" id=\"section_2047452170\">\n\t\t<div class=\"bg section-bg fill bg-fill  bg-loaded\" >\n\n\t\t\t\n\t\t\t\n\t\t\t\n\n\t\t<\/div>\n\n\t\t<div class=\"section-content relative\">\n\t\t\t\n<div class=\"row\"  id=\"row-1990097568\">\n\n\t<div id=\"col-1296625785\" class=\"col medium-4 large-4\"  >\n\t\t<div class=\"col-inner\"  >\n\t\t\t\n\t\t\t\n<p>&lt;h1&gt;Tabs Element&lt;\/h1&gt;<br \/>\n&lt;p&gt;Ad flannel sartorial helvetica readymade. Sunt cliche tempor irony letterpress mixtape. Letterpress literally retro freegan, lo-fi pitchfork organic narwhal eiusmod yr magna. Sriracha Carles laborum irure gastropub sed. &amp;nbsp;&lt;\/p&gt;<\/p>\n\t\t<\/div>\n\t\t\t<\/div>\n\n\t\n\n\t<div id=\"col-450043920\" class=\"col medium-8 large-8\"  >\n\t\t<div class=\"col-inner\"  >\n\t\t\t\n\t\t\t\n\n\t\t<div class=\"tabbed-content\">\n\t\t\t\n\t\t\t<ul class=\"nav nav-tabs nav-uppercase nav-size-normal nav-left\"><li class=\"tab active has-icon\"><a href=\"#tab_tab-3-title\"><span>Tab 3 Title<\/span><\/a><\/li>\n<li class=\"tab has-icon\"><a href=\"#tab_tab-1-title\"><span>Tab 1 Title<\/span><\/a><\/li>\n<li class=\"tab has-icon\"><a href=\"#tab_tab-2-title\"><span>Tab 2 Title<\/span><\/a><\/li><\/ul><div class=\"tab-panels\"><div class=\"panel active entry-content\" id=\"tab_tab-3-title\">\n<p>&lt;p&gt; lo-fi pitchfork organic narwhal eiusmod yr magna. Sriracha Carles laborum irure gastropub sed. Incididunt sint craft beer, church-key PBR quinoa ennui ugh cliche assumenda scenester 8-bit. Photo booth dolore authentic cornhole fixie. Ea farm-to-table twee DIY salvia tote bag four loko selvage delectus, hella Brooklyn scenester yr. &lt;\/p&gt;<\/p>\n<\/div>\n<div class=\"panel entry-content\" id=\"tab_tab-1-title\">\n<p>&lt;p&gt;Incididunt sint craft beer, church-key PBR quinoa ennui ugh cliche assumenda scenester 8-bit. Photo booth dolore authentic cornhole fixie. Ea farm-to-table twee DIY salvia tote bag four loko selvage delectus, hella Brooklyn scenester yr.&lt;\/p&gt;<\/p>\n<\/div>\n<div class=\"panel entry-content\" id=\"tab_tab-2-title\">\n<p>&lt;p&gt;Helvetica readymade. Sunt cliche tempor irony letterpress mixtape. Letterpress literally retro freegan, lo-fi pitchfork organic narwhal eiusmod yr magna. Sriracha Carles laborum irure gastropub sed..&lt;\/p&gt;<\/p>\n<\/div><\/div><\/div>\n\t\t<\/div>\n\t\t\t<\/div>\n\n\t\n<\/div>\n\t\t<\/div>\n\n\t\t\n<style>\n#section_2047452170 {\n  padding-top: 30px;\n  padding-bottom: 30px;\n  background-color: rgb(246, 246, 246);\n}\n<\/style>\n\t<\/section>\n\t<h3 class=\"accordion_title\">Charakterystyka techniczna<\/h3><div class=\"accordion\" rel=\"\">\n\n<div class=\"accordion-item\"><a href=\"#\" class=\"accordion-title plain\"><button class=\"toggle\"><i class=\"icon-angle-down\"><\/i><\/button><span>Zabezpieczenia termiczne<\/span><\/a><div class=\"accordion-inner\">\n\n<p><strong>Czujniki PTC<\/strong><\/p>\n<p>Czujnik zwi\u0119kszaj\u0105cy gwa\u0142townie swoj\u0105 rezystancj\u0119 na skutek osi\u0105gni\u0119cia temperatury progowej. Opcja dost\u0119pna w standardzie dla silnik\u00f3w &gt;2,2kW.<\/p>\n<p><strong>Czujniki PT100*<\/strong><\/p>\n<p>Jest to czujnik zwi\u0119kszaj\u0105cy w spos\u00f3b ci\u0105g\u0142y swoj\u0105 rezystancj\u0119 wraz z wzrostem temperatury.<\/p>\n<p>*Opcja dodatkowa<\/p>\n\n<\/div><\/div>\n<div class=\"accordion-item\"><a href=\"#\" class=\"accordion-title plain\"><button class=\"toggle\"><i class=\"icon-angle-down\"><\/i><\/button><span>Stopie\u0144 ochrony IP<\/span><\/a><div class=\"accordion-inner\">\n\n<p>Zabezpieczenie przed przypadkowym dotkni\u0119ciem przez ludzi i\/lub dostaniem si\u0119 do \u015brodka cia\u0142 sta\u0142ych i\/lub dostaniem si\u0119 do \u015brodka wody jest okre\u015blona przez mi\u0119dzynarodowy symbol IP.<\/p>\n<h6>iP okre\u015bla:<\/h6>\n<p><strong>I cyfra:<\/strong> Ochrona ludzi przed kontaktem i ochrona przed przedostaniem si\u0119 cia\u0142 sta\u0142ych<\/p>\n<p><strong>II cyfra:<\/strong> Ochrona przed szkodliwym wnikaniem wody<\/p>\n<p>Standardowe silniki aluminiowe wykonane s\u0105 w stopniu ochrony <strong>IP55<\/strong> (cyfra I: ochrona przed szkodliwym py\u0142em; cyfra II: ochrona przed strug\u0105 wody lan\u0105 z dowolnego kierunku)<\/p>\n<p>Artyku\u0142 na temat stopnia ochrony dost\u0119pny <a href=\"https:\/\/pl.wikipedia.org\/wiki\/IP_(stopie%C5%84_ochrony)\">pod tym adresem.<\/a><\/p>\n\n<\/div><\/div>\n<div class=\"accordion-item\"><a href=\"#\" class=\"accordion-title plain\"><button class=\"toggle\"><i class=\"icon-angle-down\"><\/i><\/button><span>\u0141o\u017cyska<\/span><\/a><div class=\"accordion-inner\">\n\n<table width=\"2\">\n<tbody>\n<tr>\n<td width=\"76\"><strong>Wielko\u015b\u0107 mechaniczna<\/strong><\/td>\n<td width=\"66\">\n<p><strong>Liczba<\/strong><\/p>\n<p><strong>biegun\u00f3w<\/strong><\/p>\n<\/td>\n<td width=\"90\">\n<p><strong>Strona<\/strong><\/p>\n<p><strong>nap\u0119dowa DE<\/strong><\/p>\n<\/td>\n<td width=\"90\">\n<p><strong>Strona<\/strong><\/p>\n<p><strong>przeciwna NDE<\/strong><\/p>\n<\/td>\n<\/tr>\n<tr>\n<td width=\"76\">56-63<\/td>\n<td width=\"66\">2,4<\/td>\n<td width=\"90\">6201 2RS<\/td>\n<td width=\"90\">6201 2RS<\/td>\n<\/tr>\n<tr>\n<td width=\"76\">71<\/td>\n<td width=\"66\">2,4,6<\/td>\n<td width=\"90\">6202 2RS<\/td>\n<td width=\"90\">6202 2RS<\/td>\n<\/tr>\n<tr>\n<td width=\"76\">80<\/td>\n<td width=\"66\">2,4,6,8<\/td>\n<td width=\"90\">6204 2RS<\/td>\n<td width=\"90\">6204 2RS<\/td>\n<\/tr>\n<tr>\n<td width=\"76\">90<\/td>\n<td width=\"66\">2,4,6,8<\/td>\n<td width=\"90\">6205 2RS<\/td>\n<td width=\"90\">6205 2RS<\/td>\n<\/tr>\n<tr>\n<td width=\"76\">100<\/td>\n<td width=\"66\">2,4,6,8<\/td>\n<td width=\"90\">6206 2RS<\/td>\n<td width=\"90\">6206 2RS<\/td>\n<\/tr>\n<tr>\n<td width=\"76\">112<\/td>\n<td width=\"66\">2,4,6,8<\/td>\n<td width=\"90\">6306 2RS<\/td>\n<td width=\"90\">6306 2RS<\/td>\n<\/tr>\n<tr>\n<td width=\"76\">132<\/td>\n<td width=\"66\">2,4,6,8<\/td>\n<td width=\"90\">6308 2RS<\/td>\n<td width=\"90\">6308 2RS<\/td>\n<\/tr>\n<tr>\n<td width=\"76\">160<\/td>\n<td width=\"66\">2,4,6,8<\/td>\n<td width=\"90\">6309 2RS<\/td>\n<td width=\"90\">6309 2RS<\/td>\n<\/tr>\n<tr>\n<td width=\"76\">180<\/td>\n<td width=\"66\">2,4,6,8<\/td>\n<td width=\"90\">6311 C3<\/td>\n<td width=\"90\">6311 C3<\/td>\n<\/tr>\n<tr>\n<td width=\"76\">200<\/td>\n<td width=\"66\">2,4,6,8<\/td>\n<td width=\"90\">6312 C3<\/td>\n<td width=\"90\">6312 C3<\/td>\n<\/tr>\n<tr>\n<td width=\"76\">225<\/td>\n<td width=\"66\">2,4,6,8<\/td>\n<td width=\"90\">6313 C3<\/td>\n<td width=\"90\">6313 C3<\/td>\n<\/tr>\n<tr>\n<td width=\"76\">250<\/td>\n<td width=\"66\">2,4,6,8<\/td>\n<td width=\"90\">6314 C3<\/td>\n<td width=\"90\">6314 C3<\/td>\n<\/tr>\n<tr>\n<td rowspan=\"2\" width=\"76\">280<\/td>\n<td width=\"66\">2<\/td>\n<td width=\"90\">6314 C3<\/td>\n<td width=\"90\">6314 C3<\/td>\n<\/tr>\n<tr>\n<td width=\"66\">4,6,8<\/td>\n<td width=\"90\">6317 C3<\/td>\n<td width=\"90\">6317 C3<\/td>\n<\/tr>\n<tr>\n<td rowspan=\"2\" width=\"76\">315<\/td>\n<td width=\"66\">2<\/td>\n<td width=\"90\">6317 C3<\/td>\n<td width=\"90\">6317 C3<\/td>\n<\/tr>\n<tr>\n<td width=\"66\">4,6,8<\/td>\n<td width=\"90\">NU319<\/td>\n<td width=\"90\">6319 C3<\/td>\n<\/tr>\n<tr>\n<td rowspan=\"2\" width=\"76\">355<\/td>\n<td width=\"66\">2<\/td>\n<td width=\"90\">6319 C3<\/td>\n<td width=\"90\">6319 C3<\/td>\n<\/tr>\n<tr>\n<td width=\"66\">4,6,8<\/td>\n<td width=\"90\">NU322<\/td>\n<td width=\"90\">6322 C3<\/p>\n<p>7322B (V1)<\/p>\n<\/td>\n<\/tr>\n<\/tbody>\n<\/table>\n\n<\/div><\/div>\n<div class=\"accordion-item\"><a href=\"#\" class=\"accordion-title plain\"><button class=\"toggle\"><i class=\"icon-angle-down\"><\/i><\/button><span>Normy<\/span><\/a><div class=\"accordion-inner\">\n\n<p><strong>Wymagania og\u00f3lne<\/strong> - PN-EN60034-1; IEC34-1<br \/><strong>Pr\u00f3by<\/strong> - PN-EN60034-2; IEC34-2<br \/><strong>Poziom ha\u0142asu<\/strong> - PN-EN60034-9; IEC34-9<br \/><strong>Poziom drga\u0144<\/strong> - PN-EN60034-14; IEC34-14<\/p>\n\n<\/div><\/div>\n<div class=\"accordion-item\"><a href=\"#\" class=\"accordion-title plain\"><button class=\"toggle\"><i class=\"icon-angle-down\"><\/i><\/button><span>Schematy po\u0142\u0105cze\u0144 230\/400V<\/span><\/a><div class=\"accordion-inner\">\n\n<div class=\"row row-full-width\"  id=\"row-1145407308\">\n\n\n\t<div id=\"col-1305346953\" class=\"col small-12 large-12\"  >\n\t\t<div class=\"col-inner\"  >\n\t\t\t\n\t\t\t\n\n<p>Silniki OMEC sa dostarczane ze skrzynka zaciskowa, w ktorej znajduje sie tabliczka zaciskowa z szescioma zaciskami. Do zaciskow wyprowadzone sa przewody z uzwojen silnika ktore moga byc polaczone w gwiazde lub trojkat.<\/p>\n<p>Standardowo dwa napiecia podane sa na tabliczce znamionowej co oznacza, ze silnik moze pracowac na jednym z tych obwodow.<\/p>\n<p><span class=\"fontstyle0\">W podstawowej wersji silniki s\u0105 dostarczone dla nast\u0119puj\u0105cych napi\u0119\u0107 zasilaj\u0105cych:<br \/>230V(\u0394) \/ 400V(Y) przy 50Hz dla mocy \u22642,2 kW<br \/>400V(\u0394) \/ 690V(Y) przy 50Hz dla mocy \u22653,0 kW<\/span><span class=\"tlid-translation translation\" lang=\"pl\"><br \/><\/span><\/p>\n<p><span class=\"tlid-translation translation\" lang=\"pl\"><span class=\"fontstyle0\">Jesli glowne napiecie jest zgodne z dolnym podanym na tabliczce to uzwojenie musi byc polaczone w trojkat (Figure 1 na rysunku), jesli napiecie sieciowe jest zgodne z gornym podanym na tabliczce to nalezy polaczyc silnik w gwiazde (Figure 2 na rysunku)<\/span> <\/span><\/p>\n\n\t\t<\/div>\n\t\t\t<\/div>\n\n\t\n\n<\/div>\n<div class=\"row row-full-width\"  id=\"row-1074821145\">\n\n\n\t<div id=\"col-1237958661\" class=\"col small-12 large-12\"  >\n\t\t<div class=\"col-inner\"  >\n\t\t\t\n\t\t\t\n\n\t<div class=\"img has-hover x md-x lg-x y md-y lg-y\" id=\"image_1034054053\">\n\t\t\t\t\t\t\t\t<div class=\"img-inner dark\" >\n\t\t\t<img decoding=\"async\" width=\"685\" height=\"256\" src=\"https:\/\/omec-poznan.pl\/wp-content\/uploads\/2020\/10\/SCHEMAT-POLACZEN.png\" class=\"attachment-large size-large\" alt=\"\" srcset=\"https:\/\/omec-poznan.pl\/wp-content\/uploads\/2020\/10\/SCHEMAT-POLACZEN.png 685w, https:\/\/omec-poznan.pl\/wp-content\/uploads\/2020\/10\/SCHEMAT-POLACZEN-510x191.png 510w\" sizes=\"(max-width: 685px) 100vw, 685px\" \/>\t\t\t\t\t\t\n\t\t\t\t\t<\/div>\n\t\t\t\t\t\t\t\t\n<style>\n#image_1034054053 {\n  width: 100%;\n}\n<\/style>\n\t<\/div>\n\t\n\n\n\t\t<\/div>\n\t\t\t<\/div>\n\n\t\n\n<\/div>\n<div class=\"row row-full-width\"  id=\"row-398501132\">\n\n\n\t<div id=\"col-885390080\" class=\"col small-12 large-12\"  >\n\t\t<div class=\"col-inner\"  >\n\t\t\t\n\t\t\t\n\n<p>Silnik z napieciem 230\/400V na tabliczce jest przystosowany do polaczenia bezposredniego w obwodzie o napieciu 230V pomiedzy fazami. W obwodzie 230V w trojkacie, a w obwodzie 400V w gwiezdze.<br \/>Natomiast jesli silnik przelaczony jest na rozruch gwiazda - trojkat, silnik wowczas przystosowany jest do napiecia glownego podanego na tabliczce znamionowej i bedzie on polaczony w trojkat. W tym wypadku nalezy usunac listwy laczace fazy w skrzynce zaciskowej. Polaczenie gwiazda \/ trojkat bedzie wtedy autmomatyczne podczas rozruchu. Jesli podane jest tylko jedno napiecie na tabliczce znamionowej z oznaczeniem gwiazdy silnik moze byc podlaczony bezposrednio w podanym napieciu lub przy rozruchu gwiazda \/ trojkat<\/p>\n\n\t\t<\/div>\n\t\t\t<\/div>\n\n\t\n\n<\/div>\n\n<\/div><\/div>\n<div class=\"accordion-item\"><a href=\"#\" class=\"accordion-title plain\"><button class=\"toggle\"><i class=\"icon-angle-down\"><\/i><\/button><span>Formy konstrukcyjne IM<\/span><\/a><div class=\"accordion-inner\">\n\n<p><span class=\"tlid-translation translation\" lang=\"pl\"><span title=\"\">Typy konstrukcji (IM):<\/span><br \/><span title=\"\">Typy konstrukcji i system mocowania zgodny z norm\u0105<\/span><span title=\"\"> IEC 60034-7.<\/span><br \/><span title=\"\">Podstawowe typy konstrukcji:<\/span><br \/><span title=\"\">1. \u0141apowy<\/span> (B3)<br \/><span class=\"\" title=\"\">2. \u0141apowo-ko\u0142nierzowy (B35, B34)<\/span><br \/><span class=\"\" title=\"\">3. Ko\u0142nierzowy (B5 i B14)<\/span><\/span><\/p>\n\n<\/div><\/div>\n<div class=\"accordion-item\"><a href=\"#\" class=\"accordion-title plain\"><button class=\"toggle\"><i class=\"icon-angle-down\"><\/i><\/button><span>Ch\u0142odzenie<\/span><\/a><div class=\"accordion-inner\">\n\n<p>W wykonaniu standardowym silniki ch\u0142odzone s\u0105 powierzchniowo powietrzem, przy pomocy zamontowanego na wale przewietrznika. W przypadku zasilania z falownika i obni\u017caniu cz\u0119stotliwo\u015bci znamionowej niezb\u0119dne jest wykorzystanie <a href=\"https:\/\/omec-poznan.pl\/kategoria\/obce-chlodzenia\/\">obcego ch\u0142odzenia.<\/a><\/p>\n<p>Nasze ch\u0142odzenia dostosowane s\u0105 do monta\u017cu po zdemontowaniu os\u0142ony i standardowego przewietrznika.<\/p>\n\n<\/div><\/div>\n\n<\/div>","protected":false},"excerpt":{"rendered":"","protected":false},"featured_media":0,"comment_status":"closed","ping_status":"closed","template":"","meta":[],"product_cat":[150],"product_tag":[],"class_list":["post-230","product","type-product","status-publish","hentry","product_cat-silniki-trojfazowe"],"_links":{"self":[{"href":"https:\/\/omec-poznan.pl\/en\/wp-json\/wp\/v2\/product\/230","targetHints":{"allow":["GET"]}}],"collection":[{"href":"https:\/\/omec-poznan.pl\/en\/wp-json\/wp\/v2\/product"}],"about":[{"href":"https:\/\/omec-poznan.pl\/en\/wp-json\/wp\/v2\/types\/product"}],"replies":[{"embeddable":true,"href":"https:\/\/omec-poznan.pl\/en\/wp-json\/wp\/v2\/comments?post=230"}],"wp:attachment":[{"href":"https:\/\/omec-poznan.pl\/en\/wp-json\/wp\/v2\/media?parent=230"}],"wp:term":[{"taxonomy":"product_cat","embeddable":true,"href":"https:\/\/omec-poznan.pl\/en\/wp-json\/wp\/v2\/product_cat?post=230"},{"taxonomy":"product_tag","embeddable":true,"href":"https:\/\/omec-poznan.pl\/en\/wp-json\/wp\/v2\/product_tag?post=230"}],"curies":[{"name":"wp","href":"https:\/\/api.w.org\/{rel}","templated":true}]}}