{"id":373,"date":"2020-08-24T08:50:41","date_gmt":"2020-08-24T08:50:41","guid":{"rendered":"https:\/\/omec-poznan.pl\/product\/silnik-4kw-omt3-100c-4-4-biegunowy\/"},"modified":"2021-10-17T15:56:19","modified_gmt":"2021-10-17T15:56:19","slug":"silnik-4kw-omt3-100c-4-4-biegunowy","status":"publish","type":"product","link":"https:\/\/omec-poznan.pl\/en\/oferta\/silniki-trojfazowe\/4-biegunowy\/silnik-4kw-omt3-100c-4-4-biegunowy\/","title":{"rendered":"Silnik 4kW | OMT3\u00a0 100C-4 * | 4-biegunowy"},"content":{"rendered":"<p>Silnik klatkowy niskiego napi\u0119cia w obudowie \u017celiwnej serii OMT3<br \/>\nnSkrzynka zaciskowa osadzona jest standardowo na g\u00f3rze kad\u0142uba.<br \/>\nnSilniki przystosowane s\u0105 do pracy dwukierunkowej.<br \/>\nn<\/p>\n<h3 class=\"wp-block-verse\"><strong>Typ:<\/strong>OMT3\u00a0 100C-4 *<strong><br \/>\nnMoc:<\/strong>4kW<strong><br \/>\nnObroty:<\/strong>1435(4-biegunowy)<strong><br \/>\nnKlasa ochrony<\/strong>: IP55<br \/>\nn<strong>Klasa izolacji<\/strong>: F<br \/>\nn<strong>Rodzaj mocowania:B3; B35; B5; B14; B34; V1, wg PN-IEC 34-7<\/strong>: F<br \/>\nn<strong>Napi\u0119cie<\/strong>:400\/690V<br \/>\nn<strong>Wznios osi wa\u0142u<\/strong>:100<br \/>\nn<strong>Kolor<\/strong>: RAL 7031<br \/>\nn<strong>Rodzaj obudowy<\/strong>: \u017celiwna<\/h3>","protected":false},"excerpt":{"rendered":"<p>Silnik klatkowy niskiego napi\u0119cia w obudowie \u017celiwnej serii OMT3 nSkrzynka zaciskowa osadzona jest standardowo na g\u00f3rze kad\u0142uba. nSilniki przystosowane s\u0105 do pracy dwukierunkowej. n Typ:OMT3\u00a0 100C-4 * nMoc:4kW nObroty:1435(4-biegunowy) nKlasa ochrony: IP55 nKlasa izolacji: F nRodzaj mocowania:B3; B35; B5; B14; B34; V1, wg PN-IEC 34-7: F nNapi\u0119cie:400\/690V nWznios osi wa\u0142u:100 nKolor: RAL 7031 nRodzaj obudowy: [&#8230;]","protected":false},"featured_media":1685,"comment_status":"closed","ping_status":"open","template":"","meta":[],"product_cat":[22],"product_tag":[],"class_list":["post-373","product","type-product","status-publish","has-post-thumbnail","hentry","product_cat-4-biegunowy","pa_cecha-silnik-progresywny","pa_iec-29","pa_moc-znamionowa-kw-4kw"],"_links":{"self":[{"href":"https:\/\/omec-poznan.pl\/en\/wp-json\/wp\/v2\/product\/373","targetHints":{"allow":["GET"]}}],"collection":[{"href":"https:\/\/omec-poznan.pl\/en\/wp-json\/wp\/v2\/product"}],"about":[{"href":"https:\/\/omec-poznan.pl\/en\/wp-json\/wp\/v2\/types\/product"}],"replies":[{"embeddable":true,"href":"https:\/\/omec-poznan.pl\/en\/wp-json\/wp\/v2\/comments?post=373"}],"wp:featuredmedia":[{"embeddable":true,"href":"https:\/\/omec-poznan.pl\/en\/wp-json\/wp\/v2\/media\/1685"}],"wp:attachment":[{"href":"https:\/\/omec-poznan.pl\/en\/wp-json\/wp\/v2\/media?parent=373"}],"wp:term":[{"taxonomy":"product_cat","embeddable":true,"href":"https:\/\/omec-poznan.pl\/en\/wp-json\/wp\/v2\/product_cat?post=373"},{"taxonomy":"product_tag","embeddable":true,"href":"https:\/\/omec-poznan.pl\/en\/wp-json\/wp\/v2\/product_tag?post=373"}],"curies":[{"name":"wp","href":"https:\/\/api.w.org\/{rel}","templated":true}]}}