{"id":408,"date":"2020-08-24T08:50:48","date_gmt":"2020-08-24T08:50:48","guid":{"rendered":"https:\/\/omec-poznan.pl\/product\/silnik-3kw-omt3-112c-6-6-biegunowy\/"},"modified":"2021-10-21T07:31:36","modified_gmt":"2021-10-21T07:31:36","slug":"silnik-3kw-omt3-112c-6-6-biegunowy","status":"publish","type":"product","link":"https:\/\/omec-poznan.pl\/en\/oferta\/silniki-trojfazowe\/6-biegunowy\/silnik-3kw-omt3-112c-6-6-biegunowy\/","title":{"rendered":"Silnik 3kW | OMT3\u00a0 112C-6 * | 6-biegunowy"},"content":{"rendered":"<p>Silnik klatkowy niskiego napi\u0119cia w obudowie \u017celiwnej serii OMT3<br \/>\nnSkrzynka zaciskowa osadzona jest standardowo na g\u00f3rze kad\u0142uba.<br \/>\nnSilniki przystosowane s\u0105 do pracy dwukierunkowej.<br \/>\nn<\/p>\n<h3 class=\"wp-block-verse\"><strong>Typ:<\/strong>OMT3\u00a0 112C-6 *<strong><br \/>\nnMoc:<\/strong>3kW<strong><br \/>\nnObroty:<\/strong>960(6-biegunowy)<strong><br \/>\nnKlasa ochrony<\/strong>: IP55<br \/>\nn<strong>Klasa izolacji<\/strong>: F<br \/>\nn<strong>Rodzaj mocowania:B3; B35; B5; B14; B34; V1, wg PN-IEC 34-7<\/strong>: F<br \/>\nn<strong>Napi\u0119cie<\/strong>:400\/690V<br \/>\nn<strong>Wznios osi wa\u0142u<\/strong>:112<br \/>\nn<strong>Kolor<\/strong>: RAL 7031<br \/>\nn<strong>Rodzaj obudowy<\/strong>: \u017celiwna<\/h3>","protected":false},"excerpt":{"rendered":"<p>Silnik klatkowy niskiego napi\u0119cia w obudowie \u017celiwnej serii OMT3 nSkrzynka zaciskowa osadzona jest standardowo na g\u00f3rze kad\u0142uba. nSilniki przystosowane s\u0105 do pracy dwukierunkowej. n Typ:OMT3\u00a0 112C-6 * nMoc:3kW nObroty:960(6-biegunowy) nKlasa ochrony: IP55 nKlasa izolacji: F nRodzaj mocowania:B3; B35; B5; B14; B34; V1, wg PN-IEC 34-7: F nNapi\u0119cie:400\/690V nWznios osi wa\u0142u:112 nKolor: RAL 7031 nRodzaj obudowy: [&#8230;]","protected":false},"featured_media":1685,"comment_status":"closed","ping_status":"open","template":"","meta":[],"product_cat":[23],"product_tag":[],"class_list":["post-408","product","type-product","status-publish","has-post-thumbnail","hentry","product_cat-6-biegunowy","pa_cecha-silnik-progresywny","pa_iec-30","pa_moc-znamionowa-kw-3kw"],"_links":{"self":[{"href":"https:\/\/omec-poznan.pl\/en\/wp-json\/wp\/v2\/product\/408","targetHints":{"allow":["GET"]}}],"collection":[{"href":"https:\/\/omec-poznan.pl\/en\/wp-json\/wp\/v2\/product"}],"about":[{"href":"https:\/\/omec-poznan.pl\/en\/wp-json\/wp\/v2\/types\/product"}],"replies":[{"embeddable":true,"href":"https:\/\/omec-poznan.pl\/en\/wp-json\/wp\/v2\/comments?post=408"}],"wp:featuredmedia":[{"embeddable":true,"href":"https:\/\/omec-poznan.pl\/en\/wp-json\/wp\/v2\/media\/1685"}],"wp:attachment":[{"href":"https:\/\/omec-poznan.pl\/en\/wp-json\/wp\/v2\/media?parent=408"}],"wp:term":[{"taxonomy":"product_cat","embeddable":true,"href":"https:\/\/omec-poznan.pl\/en\/wp-json\/wp\/v2\/product_cat?post=408"},{"taxonomy":"product_tag","embeddable":true,"href":"https:\/\/omec-poznan.pl\/en\/wp-json\/wp\/v2\/product_tag?post=408"}],"curies":[{"name":"wp","href":"https:\/\/api.w.org\/{rel}","templated":true}]}}